{"id":58,"date":"2018-01-25T21:08:36","date_gmt":"2018-01-25T21:08:36","guid":{"rendered":"http:\/\/ltf-service.de\/?page_id=58"},"modified":"2025-04-17T06:52:02","modified_gmt":"2025-04-17T06:52:02","slug":"ueber-mich","status":"publish","type":"page","link":"https:\/\/ltf-service.de\/?page_id=58","title":{"rendered":"\u00dcber Mich"},"content":{"rendered":"<p>Wer oder Was, bin ICH?<\/p>\n<blockquote><p>Um in der Schule des Lebens erfolgreich zu sein, pr\u00fcfe t\u00e4glich, wer dein Lehrer ist: das gro\u00dfe oder das kleine Ich.<\/p>\n<p><em>\u00a9 Irina Rauthmann (*1958)<\/em><\/p><\/blockquote>\n<p>&nbsp;<\/p>\n<p>Man nennt mich, Timon &#8211; doch bin ich, DAS ICH? Ist es meine Seele oder mein EGO, die Stimme im Kopf?\u00a0\u00a0\u00a0 \u00a0 \u00a0 \u00a0 \u00a0 \u00a0 \u00a0 \u00a0 \u00a0 \u00a0 \u00a0 \u00a0 \u00a0 \u00a0 \u00a0 \u00a0 \u00a0 \u00a0 \u00a0 \u00a0 \u00a0 \u00a0 \u00a0 \u00a0 \u00a0 \u00a0 \u00a0 \u00a0 \u00a0 \u00a0 \u00a0 \u00a0 \u00a0 \u00a0 \u00a0 \u00a0 \u00a0 \u00a0 \u00a0 \u00a0 \u00a0 \u00a0 \u00a0 \u00a0 \u00a0 \u00a0 \u00a0 \u00a0 \u00a0 \u00a0 \u00a0 \u00a0 \u00a0 \u00a0 \u00a0 \u00a0 \u00a0\u00a0 \u00a0\u00a0 &#8230; auf den Spuren des Lebens.<br \/>\n<img decoding=\"async\" class=\"alignright\" src=\"http:\/\/ltf-service.de\/images\/iam.jpg\" \/><\/p>\n<p>Geboren in\u00a0 Rawene, NZL.<\/p>\n<p>&nbsp;<\/p>\n<p>&nbsp;<\/p>\n<p>&nbsp;<\/p>\n<p>Lebte ich mit k\u00fcrzeren Pausen, bis zu meinem 10. Lebensjahr in Neuseeland. Freiheit &#8211; viel Natur, viel Strand und Meer &#8211; fast T\u00e4glich, wenn es ging.\u00a0 Fing mit der schule an, und musste wenige Jahre sp\u00e4ter das Land verlassen &#8211; es ging nach Deutschland, das Land der kalten Winter.<\/p>\n<p>Schon als Kind merkte ich, in diesem Land sind alle so Festgefahren, begrenzende Glaubensmuster uvm. &#8211; dies habe ich alles sp\u00e4ter erst Gelernt. So wenig Miteinander&#8230; das war in NZL alles anders.<\/p>\n<p>Also ICH, versuchte mich anzupassen, machte Grundschule, Realschule und mein Fachabi &#8230; ohne mich in meiner Freiheit zu begrenzen -Natur, Sport, drau\u00dfen sein waren mir immer Wichtiger als Schulisch angepasst &#8211; und dies mit Freunden teilen, war das gr\u00f6\u00dfte, leider hatten die meisten immer ihre &#8222;pflichten&#8220;.\u00a0 Ich machte Zivi, war dort 5 weitere monate Aushilfe, arbeitete Fest als Zimmermann und machte mich 2011 dann Selbstst\u00e4ndig &#8211; FREIHEIT &#8211; bis heute.\u00a0\u00a0 Ich mache viel, kann noch mehr und habe viel versucht und viel Geld investiert und auch Verloren &#8230; f\u00fcr ideen, die einem ein gutes Einkommen versprechen.<br \/>\nEs gibt keine Fehler, kein Falsch und kein Richtig &#8211; alles sind Erfahrungen, vollkommen Neutral.<br \/>\n&#8230; WENN da nicht das EGO w\u00e4re, das kleine ICH, der Timon im Kopfe &#8211; das alles verurteilt &#8211; Negativ, Positiv, Gut und Schlecht &#8211; Freude und Leid.<\/p>\n<p>Gute 30 Jahre, und doch habe ich meinen Platz in dieser Welt noch nicht gefunden &#8211; der ORT, der sich wie Heimat anf\u00fchlt.\u00a0 die Berufung, die dem Wohl aller lebenden Wesen auf diesem Planeten dient &#8211; und so lange ergeben sich 1000 WUNDER, 1000 Aufgaben, wenigstens anderen zu Helfen.<\/p>\n<p>St\u00e4ndig neue Leute, neue Erfahrungen, Leben, Lieben, Leiden &#8211; Trauer und WUT.<br \/>\n&#8230; und die Frage, &#8222;WAS MACH ICH HIER, Wer ist dieses ICH?&#8220;<\/p>\n<p style=\"text-align: left; padding-left: 150px;\">Ich W\u00fcnsche mir, WAHRHEIT und GERECHTIGKEIT, in der Welt\u00a0\u00a0\u00a0\u00a0\u00a0\u00a0\u00a0\u00a0\u00a0\u00a0\u00a0\u00a0\u00a0\u00a0\u00a0\u00a0\u00a0\u00a0\u00a0\u00a0\u00a0\u00a0\u00a0\u00a0\u00a0\u00a0 &#8211; doch bis dahin, wird es noch ein steiniger Weg sein &#8211;<\/p>\n<p style=\"text-align: left; padding-left: 150px;\">ein Ruf an alle,<\/p>\n<p style=\"text-align: left; padding-left: 150px;\"><strong>WAKE UP &#x2665; &#8211; NOSCE TE IPSUM<\/strong><strong> &#8211; Sei du Selbst, die Liebe, die du suchst.<\/strong><\/p>\n<p>&nbsp;<\/p>\n<p style=\"text-align: center;\">&#8212;<\/p>\n<blockquote>\n<p style=\"text-align: center;\">Unwahr ist was nicht meinem Wahren entspricht<br \/>\nUnwahr nenne ich alles was das Wahre verbirgt<br \/>\nUnd unm\u00f6glich begrenzt oder einengend ist<br \/>\nWas T\u00e4uschung und Wahn<br \/>\nWas verg\u00e4nglich ist<br \/>\nUnwahr ist Begrenzung durch Zeit und Raum<br \/>\nUnwahr die Tr\u00e4nen in meinem Traum<br \/>\nWas unwahr ist das bin ich nicht<br \/>\nDenn ich bin das <strong>wahre<\/strong><br \/>\nDenn ich bin <strong>das ich<\/strong><\/p>\n<p><em>*Absurd Minds &#8211; Herzlos<\/em><\/p><\/blockquote>\n<p><head><br \/>\n<meta http-equiv=\"Content-Type\" content=\"text\/html; charset=iso-8859-1\"><br \/>\n<meta name=\"p:domain_verify\" content=\"7c1ef74ca6b09c6f620589112154954d\"\/><br \/>\n<\/head><\/p>\n","protected":false},"excerpt":{"rendered":"<p>Wer oder Was, bin ICH? Um in der Schule des Lebens erfolgreich zu sein, pr\u00fcfe t\u00e4glich, wer dein Lehrer ist: das gro\u00dfe oder das kleine Ich. \u00a9 Irina Rauthmann (*1958) &nbsp; Man nennt mich, Timon &#8211; doch bin ich, DAS ICH? Ist es meine Seele oder mein EGO, die Stimme im Kopf?\u00a0\u00a0\u00a0 \u00a0 \u00a0 \u00a0 &hellip; <a href=\"https:\/\/ltf-service.de\/?page_id=58\" class=\"more-link\"><span class=\"screen-reader-text\">&#8222;\u00dcber Mich&#8220; <\/span>weiterlesen<\/a><\/p>\n","protected":false},"author":1,"featured_media":0,"parent":0,"menu_order":0,"comment_status":"closed","ping_status":"closed","template":"","meta":{"_exactmetrics_skip_tracking":false,"_exactmetrics_sitenote_active":false,"_exactmetrics_sitenote_note":"","_exactmetrics_sitenote_category":0,"footnotes":""},"class_list":["post-58","page","type-page","status-publish","hentry"],"_links":{"self":[{"href":"https:\/\/ltf-service.de\/index.php?rest_route=\/wp\/v2\/pages\/58","targetHints":{"allow":["GET"]}}],"collection":[{"href":"https:\/\/ltf-service.de\/index.php?rest_route=\/wp\/v2\/pages"}],"about":[{"href":"https:\/\/ltf-service.de\/index.php?rest_route=\/wp\/v2\/types\/page"}],"author":[{"embeddable":true,"href":"https:\/\/ltf-service.de\/index.php?rest_route=\/wp\/v2\/users\/1"}],"replies":[{"embeddable":true,"href":"https:\/\/ltf-service.de\/index.php?rest_route=%2Fwp%2Fv2%2Fcomments&post=58"}],"version-history":[{"count":6,"href":"https:\/\/ltf-service.de\/index.php?rest_route=\/wp\/v2\/pages\/58\/revisions"}],"predecessor-version":[{"id":552,"href":"https:\/\/ltf-service.de\/index.php?rest_route=\/wp\/v2\/pages\/58\/revisions\/552"}],"wp:attachment":[{"href":"https:\/\/ltf-service.de\/index.php?rest_route=%2Fwp%2Fv2%2Fmedia&parent=58"}],"curies":[{"name":"wp","href":"https:\/\/api.w.org\/{rel}","templated":true}]}}