{"id":48,"date":"2018-01-25T21:07:56","date_gmt":"2018-01-25T21:07:56","guid":{"rendered":"http:\/\/ltf-service.de\/?page_id=48"},"modified":"2018-02-26T20:56:18","modified_gmt":"2018-02-26T20:56:18","slug":"kreativ-bau","status":"publish","type":"page","link":"https:\/\/ltf-service.de\/?page_id=48","title":{"rendered":"Kreativ Bau"},"content":{"rendered":"<p>Kreativ-\u00a0 Bau ist alles, was ich so Bastel und Baue.<\/p>\n<p>Haupts\u00e4chlich aus Holz, aber auch mal Metal oder etwas mit Farbe.<\/p>\n<p>Ich habe schon Shirts bemalt, gen\u00e4ht, M\u00f6belgebaut, Bulliausbauten, Renovierung einer Gartenh\u00fctte &#8211; alles was M-einer Kreativit\u00e4t entspringt.<\/p>\n<p><img decoding=\"async\" class=\"aligncenter\" src=\"http:\/\/ltf-service.de\/images\/vnv.jpg\" alt=\"vnv\" \/><\/p>\n<p>und es ist mir immer eine Freude etwas zu erschaffen, die meisten dinge kann man in die Kategorie &#8222;UPCYLING&#8220; stecken. Etwas neues Schaffen, aus Abfall St\u00fccken und Resten, die niemand mehr will oder braucht.<\/p>\n<p>Nach und Nach werde ich Neue und Alte projekte im Blog ver\u00f6ffentlichen.<\/p>\n<p style=\"text-align: center;\">Anbei noch ein paar bilder &#8211; einiger meiner Erschaffungen<\/p>\n<p style=\"text-align: center;\"><img decoding=\"async\" src=\"http:\/\/ltf-service.de\/images\/m1.jpg\" alt=\"make1\" \/>eine Tapakbeutel aus Leder, ein Spiel welches ich mit Celine am mittelaltermarkt in Berlin spielte, Paletten Sessel, Wohnzimmerdeko und ein Regal<\/p>\n<p><img decoding=\"async\" src=\"http:\/\/ltf-service.de\/images\/m2.jpg\" alt=\"make2\" \/><\/p>\n<p style=\"text-align: center;\">Paletten Gadarobe f\u00fcr das Plan B, eine Lampe, triskellen Deko, ein Shirt bemalt und ein mit spiegeln versch\u00f6nerte st\u00fctze<\/p>\n<p><img decoding=\"async\" src=\"http:\/\/ltf-service.de\/images\/m3.jpg\" alt=\"make3\" \/><\/p>\n<p style=\"text-align: center;\">zwei Engel gen\u00e4ht, K\u00fcche in der Gartenh\u00fctte und drei Engel, gemalt<\/p>\n","protected":false},"excerpt":{"rendered":"<p>Kreativ-\u00a0 Bau ist alles, was ich so Bastel und Baue. Haupts\u00e4chlich aus Holz, aber auch mal Metal oder etwas mit Farbe. Ich habe schon Shirts bemalt, gen\u00e4ht, M\u00f6belgebaut, Bulliausbauten, Renovierung einer Gartenh\u00fctte &#8211; alles was M-einer Kreativit\u00e4t entspringt. und es ist mir immer eine Freude etwas zu erschaffen, die meisten dinge kann man in die &hellip; <a href=\"https:\/\/ltf-service.de\/?page_id=48\" class=\"more-link\"><span class=\"screen-reader-text\">&#8222;Kreativ Bau&#8220; <\/span>weiterlesen<\/a><\/p>\n","protected":false},"author":1,"featured_media":0,"parent":0,"menu_order":0,"comment_status":"closed","ping_status":"closed","template":"","meta":{"_exactmetrics_skip_tracking":false,"_exactmetrics_sitenote_active":false,"_exactmetrics_sitenote_note":"","_exactmetrics_sitenote_category":0,"footnotes":""},"class_list":["post-48","page","type-page","status-publish","hentry"],"_links":{"self":[{"href":"https:\/\/ltf-service.de\/index.php?rest_route=\/wp\/v2\/pages\/48","targetHints":{"allow":["GET"]}}],"collection":[{"href":"https:\/\/ltf-service.de\/index.php?rest_route=\/wp\/v2\/pages"}],"about":[{"href":"https:\/\/ltf-service.de\/index.php?rest_route=\/wp\/v2\/types\/page"}],"author":[{"embeddable":true,"href":"https:\/\/ltf-service.de\/index.php?rest_route=\/wp\/v2\/users\/1"}],"replies":[{"embeddable":true,"href":"https:\/\/ltf-service.de\/index.php?rest_route=%2Fwp%2Fv2%2Fcomments&post=48"}],"version-history":[{"count":6,"href":"https:\/\/ltf-service.de\/index.php?rest_route=\/wp\/v2\/pages\/48\/revisions"}],"predecessor-version":[{"id":141,"href":"https:\/\/ltf-service.de\/index.php?rest_route=\/wp\/v2\/pages\/48\/revisions\/141"}],"wp:attachment":[{"href":"https:\/\/ltf-service.de\/index.php?rest_route=%2Fwp%2Fv2%2Fmedia&parent=48"}],"curies":[{"name":"wp","href":"https:\/\/api.w.org\/{rel}","templated":true}]}}