{"id":46,"date":"2018-01-25T21:07:46","date_gmt":"2018-01-25T21:07:46","guid":{"rendered":"http:\/\/ltf-service.de\/?page_id=46"},"modified":"2018-02-27T17:30:10","modified_gmt":"2018-02-27T17:30:10","slug":"foto-design","status":"publish","type":"page","link":"https:\/\/ltf-service.de\/?page_id=46","title":{"rendered":"Foto &#038; Design"},"content":{"rendered":"<p>2011 machte ich mich als Fotograf selbstst\u00e4ndig, ich hatte ein rie\u00dfiges Studio, 6x5m.<br \/>\n3 Studio blitze, diverses Zubeh\u00f6r, Sofa, Sessel eine Schaukel und eine menge Accessoires.<\/p>\n<p>Doch des Leben ist Ver\u00e4nderung, und in einer Kleinstadt, hauptberuflich, lohnte sich das nicht &#8211; dann musste ich mein Studio, wegen eigenbedarf der Vermieter auch wieder aufl\u00f6sen &#8230; und so endetet ein Abschnitt&#8230;<\/p>\n<p>Doch Frei vom &#8222;stress&#8220; Fotos machen zu m\u00fcssen, bin ich wieder bei &#8222;Fotos machen wollen&#8220; weil es Spa\u00df macht &#8211; freude ist.<br \/>\n<img decoding=\"async\" class=\"aligncenter\" src=\"http:\/\/ltf-service.de\/images\/shoot.jpg\" alt=\"shoot\" \/><br \/>\nDaher biete ich immernoch Shootings an, auf TFP Basis oder Kosteng\u00fcnstig f\u00fcr jedermann, als Auftragsarbeit.\u00a0\u00a0 FRAG EINFACH NACH\u00a0 &#8211; ich bin auch Mobil \ud83d\ude09<a href=\"http:\/\/ltf-service.de\/images\/ba\/comic.jpg\" target=\"_blank\" rel=\"noopener\"><img decoding=\"async\" src=\"http:\/\/ltf-service.de\/images\/ba\/comick.jpg\" alt=\"Bearbeitung\" \/><\/a><\/p>\n<p>Durch viele andere Projekte und Aufgaben &#8211; wurd das mit dem Fotografieren,\u00a0 alles etwas schleifen lassen, auch sind die Models heut zu tage, Leider nicht mehr so Zuverl\u00e4ssig, und man erscheint nicht zu Terminen oder meldet sich einfach nicht mehr xD Doch, bin ich nicht davon abh\u00e4ngig uns mach mir nichts draus.<a href=\"http:\/\/ltf-service.de\/images\/ba\/SW2.jpg\" target=\"_blank\" rel=\"noopener\"><img decoding=\"async\" class=\"alignright\" src=\"http:\/\/ltf-service.de\/images\/ba\/SW2k.jpg\" alt=\"Bearbeitung\" \/><\/a><\/p>\n<p><a href=\"http:\/\/ltf-service.de\/images\/ba\/SW.jpg\" target=\"_blank\" rel=\"noopener\"><img decoding=\"async\" class=\"alignleft\" src=\"http:\/\/ltf-service.de\/images\/ba\/SWk.jpg\" alt=\"Bearbeitung\" \/><\/a>Des weiteren mache ich auch Design arbeiten, Flyer, Bildbearbeitungen usw.\u00a0 F\u00fchlt euch frei mich dies bez\u00fcglich zu Kontaktieren.<a href=\"http:\/\/ltf-service.de\/images\/ba\/TSE.jpg\" target=\"_blank\" rel=\"noopener\"><img decoding=\"async\" class=\"alignright\" src=\"http:\/\/ltf-service.de\/images\/ba\/TSEk.jpg\" alt=\"Bearbeitung\" \/><\/a><\/p>\n<p>um den Blog zu f\u00fcllen, werd ich nach und nach einige Bilder fr\u00fcherer Arbeit raussuchen und teilen.<a href=\"http:\/\/ltf-service.de\/images\/ba\/AWE.jpg\" target=\"_blank\" rel=\"noopener\"><img decoding=\"async\" class=\"alignright\" src=\"http:\/\/ltf-service.de\/images\/ba\/AWEk.jpg\" alt=\"Bearbeitung\" \/><\/a><\/p>\n<p><a href=\"http:\/\/ltf-service.de\/images\/ba\/spieg.jpg\" target=\"_blank\" rel=\"noopener\"><img decoding=\"async\" class=\"alignleft\" src=\"http:\/\/ltf-service.de\/images\/ba\/spiegk.jpg\" alt=\"Bearbeitung\" \/><\/a>Vielen Dank. UND Ich freue mich, von euch zu h\u00f6ren.[affilinet_performance_ad size=728&#215;90]<\/p>\n<p>[affilinet_performance_ad size=728&#215;90]<\/p>\n","protected":false},"excerpt":{"rendered":"<p>2011 machte ich mich als Fotograf selbstst\u00e4ndig, ich hatte ein rie\u00dfiges Studio, 6x5m. 3 Studio blitze, diverses Zubeh\u00f6r, Sofa, Sessel eine Schaukel und eine menge Accessoires. Doch des Leben ist Ver\u00e4nderung, und in einer Kleinstadt, hauptberuflich, lohnte sich das nicht &#8211; dann musste ich mein Studio, wegen eigenbedarf der Vermieter auch wieder aufl\u00f6sen &#8230; und &hellip; <a href=\"https:\/\/ltf-service.de\/?page_id=46\" class=\"more-link\"><span class=\"screen-reader-text\">&#8222;Foto &#038; Design&#8220; <\/span>weiterlesen<\/a><\/p>\n","protected":false},"author":1,"featured_media":0,"parent":0,"menu_order":0,"comment_status":"closed","ping_status":"closed","template":"","meta":{"_exactmetrics_skip_tracking":false,"_exactmetrics_sitenote_active":false,"_exactmetrics_sitenote_note":"","_exactmetrics_sitenote_category":0,"footnotes":""},"class_list":["post-46","page","type-page","status-publish","hentry"],"_links":{"self":[{"href":"https:\/\/ltf-service.de\/index.php?rest_route=\/wp\/v2\/pages\/46","targetHints":{"allow":["GET"]}}],"collection":[{"href":"https:\/\/ltf-service.de\/index.php?rest_route=\/wp\/v2\/pages"}],"about":[{"href":"https:\/\/ltf-service.de\/index.php?rest_route=\/wp\/v2\/types\/page"}],"author":[{"embeddable":true,"href":"https:\/\/ltf-service.de\/index.php?rest_route=\/wp\/v2\/users\/1"}],"replies":[{"embeddable":true,"href":"https:\/\/ltf-service.de\/index.php?rest_route=%2Fwp%2Fv2%2Fcomments&post=46"}],"version-history":[{"count":6,"href":"https:\/\/ltf-service.de\/index.php?rest_route=\/wp\/v2\/pages\/46\/revisions"}],"predecessor-version":[{"id":168,"href":"https:\/\/ltf-service.de\/index.php?rest_route=\/wp\/v2\/pages\/46\/revisions\/168"}],"wp:attachment":[{"href":"https:\/\/ltf-service.de\/index.php?rest_route=%2Fwp%2Fv2%2Fmedia&parent=46"}],"curies":[{"name":"wp","href":"https:\/\/api.w.org\/{rel}","templated":true}]}}