{"id":2,"date":"2016-05-10T03:48:21","date_gmt":"2016-05-10T03:48:21","guid":{"rendered":"http:\/\/ltf-service.de\/?page_id=2"},"modified":"2025-04-17T06:48:20","modified_gmt":"2025-04-17T06:48:20","slug":"sample-page","status":"publish","type":"page","link":"https:\/\/ltf-service.de\/?page_id=2","title":{"rendered":"Impressum"},"content":{"rendered":"<p><head><br \/>\n<meta name=\"p:domain_verify\" content=\"7c1ef74ca6b09c6f620589112154954d\"\/><br \/>\n<\/head><\/p>\n<p align=\"center\"><span style=\"color: #f47e00; font-family: Arial; font-size: small;\">Inhaltlich Verantwortlicher gem\u00e4\u00df \u00a7 6 MDStV: Timon Fischer<\/span><\/p>\n<p align=\"center\"><span style=\"color: #ffffff; font-family: Arial; font-size: small;\"><br \/>\nUnterdorf 28, 36341 Lauterbach, Germany<br \/>\n<\/span> <span style=\"color: #ff6600; font-family: Arial; font-size: small;\">Mobil:<\/span> <span style=\"color: #ffffff; font-family: Arial; font-size: small;\">0049-178 &#8211; 55 11 289<\/span><span style=\"color: #ffffff; font-family: Arial; font-size: small;\"><br \/>\n<\/span><span style=\"color: #ff6600; font-family: Arial; font-size: small;\">E-Mail:<\/span> <span style=\"color: #ffffff; font-family: Arial; font-size: small;\"> info@ltf-Service.de<\/span><span style=\"color: #ffffff; font-family: Arial; font-size: small;\"> \u2022 <\/span> <span style=\"color: #ff6600; font-family: Arial; font-size: small;\"> Skype: <\/span> <span style=\"color: #ffffff; font-family: Arial; font-size: small;\">alienkiter<\/span><\/p>\n<p align=\"center\"><span style=\"color: #ff6600; font-family: Arial; font-size: small;\">Internet:<\/span> <span style=\"color: #ffffff; font-family: Arial; font-size: small;\"> www.LTF-Service.de<\/span><\/p>\n<p align=\"center\"><span style=\"font-family: Arial; font-size: small;\"><span style=\"color: #ff6600;\">USt.-IdNr. :<\/span> <span style=\"color: #ffffff;\">DE 278598669<\/span><\/span><\/p>\n<p align=\"center\"><span style=\"color: #ff6600; font-family: Arial; font-size: xx-small;\"><br \/>\n<\/span><strong> <span style=\"color: #000000; font-family: Arial;\">\u00a9 Copyright 2007-2012<br \/>\n<\/span><\/strong> <span style=\"color: #000000; font-family: Arial;\">Alle Rechte in allen Medien vorbehalten. Vervielf\u00e4ltigungen oder sonstige Verwertungen<br \/>\nvon Texten, Fotos und Inhalten dieser Internetpr\u00e4senz sind ohne schriftliche<br \/>\nGenehmigung nicht statthaft und werden strafrechtlich verfolgt! <\/span> <span style=\"color: #ffffff; font-family: Arial;\"><br \/>\n<\/span><span style=\"color: #ffffff; font-family: Arial;\"><br \/>\n<\/span><span style=\"color: #ff6600; font-family: Arial;\"> Daten, die wir im Zusammenhang mit Ihren Anfragen abfragen,\u00a0speichern wir auf EDV-Anlagen und<br \/>\nnutzen sie allein zur Auftragsbearbeitung, sie werden nicht an Dritte zum Zwecke der<br \/>\nWerbung,\u00a0Marktforschung und zu \u00e4hnlichen Zwecken weitergegeben.<\/span><\/p>\n<p align=\"center\"><span class=\"ff4 fc3 fs9 \"><b> <span style=\"color: #000000; font-family: Arial; font-size: small;\">Lesen Sie auch den Hinweis zur Problematik externer Links, sowie den Haftungsausschluss.<\/span><\/b><br \/>\n<\/span><span class=\"ff5 fc3 fs8 \"><br \/>\n<span style=\"color: #ffffff; font-size: small;\">1.Inhalt des Onlineangebotes<\/span><span style=\"font-size: small;\"><br \/>\nDer Autor \u00fcbernimmt keinerlei Gew\u00e4hr f\u00fcr die Aktualit\u00e4t, Korrektheit, Vollst\u00e4ndigkeit oder Qualit\u00e4t der bereitgestellten Informationen. Haftungsanspr\u00fcche gegen den Autor, welche sich auf Sch\u00e4den materieller oder ideeller Art beziehen, die durch die Nutzung oder Nichtnutzung der dargebotenen Informationen bzw. durch die Nutzung fehlerhafter und unvollst\u00e4ndiger Informationen verursacht wurden, sind grunds\u00e4tzlich ausgeschlossen, sofern seitens des Autors kein nachweislich vors\u00e4tzliches oder grob fahrl\u00e4ssiges Verschulden vorliegt. Alle Angebote sind freibleibend und unverbindlich. Der Autor beh\u00e4lt es sich ausdr\u00fccklich vor, Teile der Seiten oder das gesamte Angebot ohne gesonderte Ank\u00fcndigung zu ver\u00e4ndern, zu erg\u00e4nzen, zu l\u00f6schen oder die Ver\u00f6ffentlichung zeitweise oder endg\u00fcltig einzustellen.<\/span><\/span><\/p>\n<p><span style=\"color: #ffffff;\">2. Verweise und Links<\/span><br \/>\nBei direkten oder indirekten Verweisen auf fremde Internetseiten (&#8222;Links&#8220;), die au\u00dferhalb des Verantwortungsbereiches des Autors liegen, w\u00fcrde eine Haftungsverpflichtung ausschlie\u00dflich in dem Fall in Kraft treten, in dem der Autor von den Inhalten Kenntnis hat und es ihm technisch m\u00f6glich und zumutbar w\u00e4re, die Nutzung im Falle rechtswidriger Inhalte zu verhindern. Der Autor erkl\u00e4rt hiermit ausdr\u00fccklich, dass zum Zeitpunkt der Linksetzung keine illegalen Inhalte auf den zu verlinkenden Seiten erkennbar waren. Auf die aktuelle und zuk\u00fcnftige Gestaltung, die Inhalte oder die Urheberschaft der gelinkten\/verkn\u00fcpften Seiten hat der Autor keinerlei Einfluss. Deshalb distanziert er sich hiermit ausdr\u00fccklich von allen Inhalten aller gelinkten \/verkn\u00fcpften Seiten, die nach der Linksetzung ver\u00e4ndert wurden. Diese Feststellung gilt f\u00fcr alle innerhalb des eigenen Internetangebotes gesetzten Links und Verweise sowie f\u00fcr Fremdeintr\u00e4ge in vom Autor eingerichteten G\u00e4steb\u00fcchern, Diskussionsforen und Mailinglisten. F\u00fcr illegale, fehlerhafte oder unvollst\u00e4ndige Inhalte und insbesondere f\u00fcr Sch\u00e4den, die aus der Nutzung oder Nichtnutzung solcherart dargebotener Informationen entstehen, haftet allein der Anbieter der Seite, auf welche verwiesen wurde, nicht derjenige, der \u00fcber Links auf die jeweilige Ver\u00f6ffentlichung lediglich verweist.<br \/>\n<span style=\"color: #c0c0c0;\"><br \/>\n<\/span> <span style=\"color: #ffffff;\"> 3. Urheber- und Kennzeichenrecht<\/span><br \/>\nDer Autor ist bestrebt, in allen Publikationen die Urheberrechte der verwendeten Grafiken, Tondokumente, Videosequenzen und Texte zu beachten, von ihm selbst erstellte Grafiken, Tondokumente, Videosequenzen und Texte zu nutzen oder auf lizenzfreie Grafiken, Tondokumente, Videosequenzen und Texte zur\u00fcckzugreifen. Alle innerhalb des Internetangebotes genannten und ggf. durch Dritte gesch\u00fctzten Marken- und Warenzeichen unterliegen uneingeschr\u00e4nkt den Bestimmungen des jeweils g\u00fcltigen Kennzeichenrechts und den Besitzrechten der jeweiligen eingetragenen Eigent\u00fcmer. Allein aufgrund der blo\u00dfen Nennung ist nicht der Schluss zu ziehen, dass Markenzeichen nicht durch Rechte Dritter gesch\u00fctzt sind! Das Copyright f\u00fcr ver\u00f6ffentlichte, vom Autor selbst erstellte Objekte bleibt allein beim Autor der Seiten. Eine Vervielf\u00e4ltigung oder Verwendung solcher Grafiken, Tondokumente, Videosequenzen und Texte in anderen elektronischen oder gedruckten Publikationen ist ohne ausdr\u00fcckliche Zustimmung des Autors nicht gestattet.<\/p>\n<p><span style=\"color: #ffffff;\">4. Datenschutz<\/span><br \/>\nSofern innerhalb des Internetangebotes die M\u00f6glichkeit zur Eingabe pers\u00f6nlicher oder gesch\u00e4ftlicher Daten (Emailadressen, Namen, Anschriften) besteht, so erfolgt die Preisgabe dieser Daten seitens des Nutzers auf ausdr\u00fccklich freiwilliger Basis. Die Inanspruchnahme und Bezahlung aller angebotenen Dienste ist &#8211; soweit technisch m\u00f6glich und zumutbar &#8211; auch ohne Angabe solcher Daten bzw. unter Angabe anonymisierter Daten oder eines Pseudonyms gestattet.<\/p>\n<p><span style=\"color: #ffffff;\">5. Rechtswirksamkeit dieses Haftungsausschlusses<\/span><br \/>\nDieser Haftungsausschluss ist als Teil des Internetangebotes zu betrachten, von dem aus auf diese Seite verwiesen wurde. Sofern Teile oder einzelne Formulierungen dieses Textes der geltenden Rechtslage nicht, nicht mehr oder nicht vollst\u00e4ndig entsprechen sollten, bleiben die \u00fcbrigen Teile des Dokumentes in ihrem Inhalt und ihrer G\u00fcltigkeit davon unber\u00fchrt.<\/p>\n<p align=\"center\">&#8212;<\/p>\n<p align=\"center\"><strong> Ich \u2013 <\/strong>der Betreiber dieser Internetseiten als nat\u00fcrliche Person<strong> \u2013 distanziere mich ausdr\u00fccklich von jeder Art radikalem, rechtsradikalem, linksradikalem oder \u00e4hnlich extrem gelagerten Gedankengut und den Menschen die solches verbreiten !<\/strong><\/p>\n<p align=\"center\"><strong>Die Internetseiten die \u00fcber mich verlinkt werden wurden von mir \u00fcber lange Zeit hinweg beobachtet\u00a0 und ich stelle mich der vollen Verantwortung, wenn eurer Meinung nach kritische Punkte angesprochen werden.<br \/>\n<\/strong><\/p>\n<p align=\"center\"><strong>Die folgend abgedruckte \u201cErkl\u00e4rung der Menschenrechte\u201d, nach Resolution 217 A (III) vom 10.12.1948, dient juristischen Personen der Wirtschafts- und Verwaltungseinheit BRD GmbH &amp; OHG auf deutschen Boden als Rechtsbelehrung f\u00fcr Entscheidungen, Begehren und Schriftst\u00fccke:<\/strong><\/p>\n<p align=\"center\"><strong>PR\u00c4AMBEL <\/strong><br \/>\n<span style=\"font-size: small;\">Da die Anerkennung der angeborenen W\u00fcrde und der gleichen und unver\u00e4u\u00dferlichen Rechte aller Mitglieder der Gemeinschaft der Menschen die Grundlage von Freiheit, Gerechtigkeit und Frieden in der Welt bildet, da die Nichtanerkennung und Verachtung der Menschenrechte zu Akten der Barbarei gef\u00fchrt haben, die das Gewissen der Menschheit mit Emp\u00f6rung erf\u00fcllen, und da verk\u00fcndet worden ist, da\u00df einer Welt, in der die Menschen Rede- und Glaubensfreiheit und Freiheit von Furcht und Not genie\u00dfen, das h\u00f6chste Streben des Menschen gilt, da es notwendig ist, die Menschenrechte durch die Herrschaft des Rechtes zu sch\u00fctzen, damit der Mensch nicht gezwungen wird, als letztes Mittel zum Aufstand gegen Tyrannei und Unterdr\u00fcckung zu greifen, da es notwendig ist, die Entwicklung freundschaftlicher Beziehungen zwischen den Nationen zu f\u00f6rdern, da die V\u00f6lker der Vereinten Nationen in der Charta ihren Glauben an die grundlegenden Menschenrechte, an die W\u00fcrde und den Wert der menschlichen Person und an die Gleichberechtigung von Mann und Frau erneut bekr\u00e4ftigt und beschlossen haben, den sozialen Fortschritt und bessere Lebensbedingungen in gr\u00f6\u00dferer Freiheit zu f\u00f6rdern, da die Mitgliedstaaten sich verpflichtet haben, in Zusammenarbeit mit den Vereinten Nationen auf die allgemeine Achtung und Einhaltung der Menschenrechte und Grundfreiheiten hinzuwirken, da ein gemeinsames Verst\u00e4ndnis dieser Rechte und Freiheiten von gr\u00f6\u00dfter Wichtigkeit f\u00fcr die volle Erf\u00fcllung dieser Verpflichtung ist, verk\u00fcndet die Generalversammlung diese Allgemeine Erkl\u00e4rung der Menschenrechte als das von allen V\u00f6lkern und Nationen zu erreichende gemeinsame Ideal, damit jeder einzelne und alle Organe der Gesellschaft sich diese Erkl\u00e4rung stets gegenw\u00e4rtig halten und sich bem\u00fchen, durch Unterricht und Erziehung die Achtung vor diesen Rechten und Freiheiten zu f\u00f6rdern und durch fortschreitende nationale und internationale Ma\u00dfnahmen ihre allgemeine und tats\u00e4chliche Anerkennung und Einhaltung durch die Bev\u00f6lkerung der Mitgliedstaaten selbst wie auch durch die Bev\u00f6lkerung der ihrer Hoheitsgewalt unterstehenden Gebiete zu gew\u00e4hrleisten.<\/span><\/p>\n<p align=\"center\"><span style=\"font-size: small;\">Artikel 1 Alle Menschen sind frei und gleich an W\u00fcrde und Rechten geboren. Sie sind mit Vernunft und Gewissen begabt und sollen einander im Geiste der Br\u00fcderlichkeit begegnen.<\/span><\/p>\n<p align=\"center\"><span style=\"font-size: small;\">Artikel 2 Jeder hat Anspruch auf alle in dieser Erkl\u00e4rung verk\u00fcndeten Rechte und Freiheiten, ohne irgendeinen Unterschied, etwa nach Rasse, Hautfarbe, Geschlecht, Sprache, Religion, politischer oder sonstiger Anschauung, nationaler oder sozialer Herkunft, Verm\u00f6gen, Geburt oder sonstigem Stand. Des weiteren darf kein Unterschied gemacht werden auf Grund der politischen, rechtlichen oder internationalen Stellung des Landes oder Gebietes, dem eine Person angeh\u00f6rt, gleichg\u00fcltig ob dieses unabh\u00e4ngig ist, unter Treuhandschaft steht, keine Selbstregierung besitzt oder sonst in seiner Souver\u00e4nit\u00e4t eingeschr\u00e4nkt ist.<\/span><\/p>\n<p align=\"center\"><span style=\"font-size: small;\">Artikel 3 Jeder hat das Recht auf Leben, Freiheit und Sicherheit der Person.<\/span><\/p>\n<p align=\"center\"><span style=\"font-size: small;\">Artikel 4 Niemand darf in Sklaverei oder Leibeigenschaft gehalten werden; Sklaverei und Sklavenhandel in allen ihren Formen sind verboten.<\/span><\/p>\n<p align=\"center\"><span style=\"font-size: small;\">Artikel 5 Niemand darf der Folter oder grausamer, unmenschlicher oder erniedrigender Behandlung oder Strafe unterworfen werden.<\/span><\/p>\n<p align=\"center\"><span style=\"font-size: small;\">Artikel 6 Jeder hat das Recht, \u00fcberall als rechtsf\u00e4hig anerkannt zu werden.<\/span><\/p>\n<p align=\"center\"><span style=\"font-size: small;\">Artikel 7 Alle Menschen sind vor dem Gesetz gleich und haben ohne Unterschied Anspruch auf gleichen Schutz durch das Gesetz. Alle haben Anspruch auf gleichen Schutz gegen jede Diskriminierung, die gegen diese Erkl\u00e4rung verst\u00f6\u00dft, und gegen jede Aufhetzung zu einer derartigen Diskriminierung.<\/span><\/p>\n<p align=\"center\"><span style=\"font-size: small;\">Artikel 8 Jeder hat Anspruch auf einen wirksamen Rechtsbehelf bei den zust\u00e4ndigen innerstaatlichen Gerichten gegen Handlungen, durch die seine ihm nach der Verfassung oder nach dem Gesetz zustehenden Grundrechte verletzt werden.<\/span><\/p>\n<p align=\"center\"><span style=\"font-size: small;\">Artikel 9 Niemand darf willk\u00fcrlich festgenommen, in Haft gehalten oder des Landes verwiesen werden.<\/span><\/p>\n<p align=\"center\"><span style=\"font-size: small;\">Artikel 10 Jeder hat bei der Feststellung seiner Rechte und Pflichten sowie bei einer gegen ihn erhobenen strafrechtlichen Beschuldigung in voller Gleichheit Anspruch auf ein gerechtes und \u00f6ffentliches Verfahren vor einem unabh\u00e4ngigen und unparteiischen Gericht.<\/span><\/p>\n<p align=\"center\"><span style=\"font-size: small;\">Artikel 11 (1) Jeder, der einer strafbaren Handlung beschuldigt wird, hat das Recht, als unschuldig zu gelten, solange seine Schuld nicht in einem \u00f6ffentlichen Verfahren, in dem er alle f\u00fcr seine Verteidigung notwendigen Garantien gehabt hat, gem\u00e4\u00df dem Gesetz nachgewiesen ist.<br \/>\n(2) Niemand darf wegen einer Handlung oder Unterlassung verurteilt werden, die zur Zeit ihrer Begehung nach innerstaatlichem oder internationalem Recht nicht strafbar war. Ebenso darf keine schwerere Strafe als die zum Zeitpunkt der Begehung der strafbaren Handlung angedrohte Strafe verh\u00e4ngt werden.<\/span><\/p>\n<p align=\"center\"><span style=\"font-size: small;\">Artikel 12 Niemand darf willk\u00fcrlichen Eingriffen in sein Privatleben, seine Familie, seine Wohnung und seinen Schriftverkehr oder Beeintr\u00e4chtigungen seiner Ehre und seines Rufes ausgesetzt werden. Jeder hat Anspruch auf rechtlichen Schutz gegen solche Eingriffe oder Beeintr\u00e4chtigungen.<\/span><\/p>\n<p align=\"center\"><span style=\"font-size: small;\">Artikel 13 (1) Jeder hat das Recht, sich innerhalb eines Staates frei zu bewegen und seinen Aufenthaltsort frei zu w\u00e4hlen.<br \/>\n(2) Jeder hat das Recht, jedes Land, einschlie\u00dflich seines eigenen, zu verlassen und in sein Land zur\u00fcckzukehren.<\/span><\/p>\n<p align=\"center\"><span style=\"font-size: small;\">Artikel 14 (1) Jeder hat das Recht, in anderen L\u00e4ndern vor Verfolgung Asyl zu suchen und zu genie\u00dfen.<br \/>\n(2) Dieses Recht kann nicht in Anspruch genommen werden im Falle einer Strafverfolgung, die tats\u00e4chlich auf Grund von<br \/>\nVerbrechen nichtpolitischer Art oder auf Grund von Handlungen erfolgt, die gegen die Ziele und Grunds\u00e4tze der Vereinten Nationen versto\u00dfen.<\/span><\/p>\n<p align=\"center\"><span style=\"font-size: small;\">Artikel 15 (1) Jeder hat das Recht auf eine Staatsangeh\u00f6rigkeit.<br \/>\n(2) Niemandem darf seine Staatsangeh\u00f6rigkeit willk\u00fcrlich entzogen noch das Recht versagt werden, seine Staatsangeh\u00f6rigkeit zu wechseln.<\/span><\/p>\n<p align=\"center\"><span style=\"font-size: small;\">Artikel 16 (1) Heiratsf\u00e4hige M\u00e4nner und Frauen haben ohne jede Beschr\u00e4nkung auf Grund der Rasse, der Staatsangeh\u00f6rigkeit oder der Religion das Recht, zu heiraten und eine Familie zu gr\u00fcnden. Sie haben bei der Eheschlie\u00dfung, w\u00e4hrend der Ehe und bei deren Aufl\u00f6sung gleiche Rechte.<br \/>\n(2) Eine Ehe darf nur bei freier und uneingeschr\u00e4nkter Willenseinigung der k\u00fcnftigen Ehegatten geschlossen werden.<br \/>\n(3) Die Familie ist die nat\u00fcrliche Grundeinheit der Gesellschaft und hat Anspruch auf Schutz durch Gesellschaft und Staat.<\/span><\/p>\n<p align=\"center\"><span style=\"font-size: small;\">Artikel 17 (1) Jeder hat das Recht, sowohl allein als auch in Gemeinschaft mit anderen Eigentum innezuhaben.<br \/>\n(2) Niemand darf willk\u00fcrlich seines Eigentums beraubt werden.<\/span><\/p>\n<p align=\"center\"><span style=\"font-size: small;\">Artikel 18 Jeder hat das Recht auf Gedanken-, Gewissens- und Religionsfreiheit; dieses Recht schlie\u00dft die Freiheit ein, seine Religion oder seine Weltanschauung zu wechseln, sowie die Freiheit, seine Religion oder seine Weltanschauung allein oder in Gemeinschaft mit anderen, \u00f6ffentlich oder privat durch Lehre, Aus\u00fcbung, Gottesdienst und Kulthandlungen zu bekennen.<\/span><\/p>\n<p align=\"center\"><span style=\"font-size: small;\">Artikel 19 Jeder hat das Recht auf Meinungsfreiheit und freie Meinungs\u00e4u\u00dferung; dieses Recht schlie\u00dft die Freiheit ein, Meinungen ungehindert anzuh\u00e4ngen sowie \u00fcber Medien jeder Art und ohne R\u00fccksicht auf Grenzen Informationen und Gedankengut zu suchen, zu empfangen und zu verbreiten.<\/span><\/p>\n<p align=\"center\"><span style=\"font-size: small;\">Artikel 20 (1) Alle Menschen haben das Recht, sich friedlich zu versammeln und zu Vereinigungen zusammenzuschlie\u00dfen.<br \/>\n(2) Niemand darf gezwungen werden, einer Vereinigung anzugeh\u00f6ren.<\/span><\/p>\n<p align=\"center\"><span style=\"font-size: small;\">Artikel 21 (1) Jeder hat das Recht, an der Gestaltung der \u00f6ffentlichen Angelegenheiten seines Landes unmittelbar oder durch frei gew\u00e4hlte Vertreter mitzuwirken.<br \/>\n(2) Jeder hat das Recht auf gleichen Zugang zu \u00f6ffentlichen \u00c4mtern in seinem Lande.<br \/>\n(3) Der Wille des Volkes bildet die Grundlage f\u00fcr die Autorit\u00e4t der \u00f6ffentlichen Gewalt; dieser Wille mu\u00df durch regelm\u00e4\u00dfige, unverf\u00e4lschte, allgemeine und gleiche Wahlen mit geheimer Stimmabgabe oder einem gleichwertigen freien Wahlverfahren zum Ausdruck kommen.<\/span><\/p>\n<p align=\"center\"><span style=\"font-size: small;\">Artikel 22 Jeder hat als Mitglied der Gesellschaft das Recht auf soziale Sicherheit und Anspruch darauf, durch innerstaatliche Ma\u00dfnahmen und internationale Zusammenarbeit sowie unter Ber\u00fccksichtigung der Organisation und der Mittel jedes Staates in den Genu\u00df der wirtschaftlichen, sozialen und kulturellen Rechte zu gelangen, die f\u00fcr seine W\u00fcrde und die freie Entwicklung seiner Pers\u00f6nlichkeit unentbehrlich sind.<\/span><\/p>\n<p align=\"center\"><span style=\"font-size: small;\">Artikel 23 (1) Jeder hat das Recht auf Arbeit, auf freie Berufswahl, auf gerechte und befriedigende Arbeitsbedingungen sowie auf Schutz vor Arbeitslosigkeit.<br \/>\n(2) Jeder, ohne Unterschied, hat das Recht auf gleichen Lohn f\u00fcr gleiche Arbeit.<br \/>\n(3) Jeder, der arbeitet, hat das Recht auf gerechte und befriedigende Entlohnung, die ihm und seiner Familie eine der menschlichen W\u00fcrde entsprechende Existenz sichert, gegebenenfalls erg\u00e4nzt durch andere soziale Schutzma\u00dfnahmen.<br \/>\n(4) Jeder hat das Recht, zum Schutze seiner Interessen Gewerkschaften zu bilden und solchen beizutreten.<\/span><\/p>\n<p align=\"center\"><span style=\"font-size: small;\">Artikel 24<br \/>\nJeder hat das Recht auf Erholung und Freizeit und insbesondere auf eine vern\u00fcnftige Begrenzung der Arbeitszeit und regelm\u00e4\u00dfigen bezahlten Urlaub.<\/span><\/p>\n<p align=\"center\"><span style=\"font-size: small;\">Artikel 25<br \/>\n(1) Jeder hat das Recht auf einen Lebensstandard, der seine und seiner Familie Gesundheit und Wohl gew\u00e4hrleistet, einschlie\u00dflich Nahrung, Kleidung, Wohnung, \u00e4rztliche Versorgung und notwendige soziale Leistungen, sowie das Recht auf Sicherheit im Falle von Arbeitslosigkeit, Krankheit, Invalidit\u00e4t oder Verwitwung, im Alter sowie bei anderweitigem Verlust seiner Unterhaltsmittel durch unverschuldete Umst\u00e4nde.<br \/>\n(2) Mutter und Kind haben Anspruch auf besondere F\u00fcrsorge und Unterst\u00fctzung. Alle Kinder, eheliche wie au\u00dfereheliche, genie\u00dfen den gleichen sozialen Schutz.<\/span><\/p>\n<p align=\"center\"><span style=\"font-size: small;\">Artikel 26 (1) Jeder hat das Recht auf Bildung. Die Bildung ist unentgeltlich, zum mindesten der Grundschulunterricht und die grundlegende Bildung. Der Grundschulunterricht ist obligatorisch. Fach- und Berufsschulunterricht m\u00fcssen allgemein verf\u00fcgbar gemacht werden, und der Hochschulunterricht mu\u00df allen gleicherma\u00dfen entsprechend ihren F\u00e4higkeiten offenstehen.<br \/>\n(2) Die Bildung mu\u00df auf die volle Entfaltung der menschlichen Pers\u00f6nlichkeit und auf die St\u00e4rkung der Achtung vor den Menschenrechten und Grundfreiheiten gerichtet sein. Sie mu\u00df zu Verst\u00e4ndnis, Toleranz und Freundschaft zwischen allen Nationen und allen rassischen oder religi\u00f6sen Gruppen beitragen und der T\u00e4tigkeit der Vereinten Nationen f\u00fcr die Wahrung des Friedens f\u00f6rderlich sein.<br \/>\n(3) Die Eltern haben ein vorrangiges Recht, die Art der Bildung zu w\u00e4hlen, die ihren Kindern zuteil werden soll.<\/span><\/p>\n<p align=\"center\"><span style=\"font-size: small;\">Artikel 27 (1) Jeder hat das Recht, am kulturellen Leben der Gemeinschaft frei teilzunehmen, sich an den K\u00fcnsten zu erfreuen und am wissenschaftlichen Fortschritt und dessen Errungenschaften teilzuhaben.<br \/>\n(2) Jeder hat das Recht auf Schutz der geistigen und materiellen Interessen, die ihm als Urheber von Werken der Wissenschaft, Literatur oder Kunst erwachsen.<\/span><\/p>\n<p align=\"center\"><span style=\"font-size: small;\">Artikel 28 Jeder hat Anspruch auf eine soziale und internationale Ordnung, in der die in dieser Erkl\u00e4rung verk\u00fcndeten Rechte und Freiheiten voll verwirklicht werden k\u00f6nnen.<\/span><\/p>\n<p align=\"center\"><span style=\"font-size: small;\">Artikel 29 (1) Jeder hat Pflichten gegen\u00fcber der Gemeinschaft, in der allein die freie und volle Entwicklung seiner Pers\u00f6nlichkeit m\u00f6glich ist.<br \/>\n(2) Jeder ist bei der Aus\u00fcbung seiner Rechte und Freiheiten nur den Beschr\u00e4nkungen unterworfen, die das Gesetz ausschlie\u00dflich zu dem Zweck vorsieht, die Anerkennung und Achtung der Rechte und Freiheiten anderer zu sichern und den gerechten Anforderungen der Moral, der \u00f6ffentlichen Ordnung und des allgemeinen Wohles in einer demokratischen Gesellschaft zu gen\u00fcgen.<br \/>\n(3) Diese Rechte und Freiheiten d\u00fcrfen in keinem Fall im Widerspruch zu den Zielen und Grunds\u00e4tzen der Vereinten Nationen ausge\u00fcbt werden.<\/span><\/p>\n<p align=\"center\"><span style=\"font-size: small;\">Artikel 30 Keine Bestimmung dieser Erkl\u00e4rung darf dahin ausgelegt werden, da\u00df sie f\u00fcr einen Staat, eine Gruppe oder eine Person irgendein Recht begr\u00fcndet, eine T\u00e4tigkeit auszu\u00fcben oder eine Handlung vorzunehmen, welche die Beseitigung der in dieser Erkl\u00e4rung verk\u00fcndeten Rechte und Freiheiten zum Ziel hat.<\/span><\/p>\n<p align=\"center\"><span style=\"font-size: small;\">UNRIC United Nations Regional Information Centre<br \/>\nhttp:\/\/www.unric.org (c) 2004-2006, United Nations Regional Information Centre for Western Europe (UNRIC Brussels) Generated: 9 December, 2006, 12:04<\/span><\/p>\n","protected":false},"excerpt":{"rendered":"<p>Inhaltlich Verantwortlicher gem\u00e4\u00df \u00a7 6 MDStV: Timon Fischer Unterdorf 28, 36341 Lauterbach, Germany Mobil: 0049-178 &#8211; 55 11 289 E-Mail: info@ltf-Service.de \u2022 Skype: alienkiter Internet: www.LTF-Service.de USt.-IdNr. : DE 278598669 \u00a9 Copyright 2007-2012 Alle Rechte in allen Medien vorbehalten. Vervielf\u00e4ltigungen oder sonstige Verwertungen von Texten, Fotos und Inhalten dieser Internetpr\u00e4senz sind ohne schriftliche Genehmigung nicht &hellip; <a href=\"https:\/\/ltf-service.de\/?page_id=2\" class=\"more-link\"><span class=\"screen-reader-text\">&#8222;Impressum&#8220; <\/span>weiterlesen<\/a><\/p>\n","protected":false},"author":1,"featured_media":0,"parent":0,"menu_order":0,"comment_status":"closed","ping_status":"open","template":"","meta":{"_exactmetrics_skip_tracking":false,"_exactmetrics_sitenote_active":false,"_exactmetrics_sitenote_note":"","_exactmetrics_sitenote_category":0,"footnotes":""},"class_list":["post-2","page","type-page","status-publish","hentry"],"_links":{"self":[{"href":"https:\/\/ltf-service.de\/index.php?rest_route=\/wp\/v2\/pages\/2","targetHints":{"allow":["GET"]}}],"collection":[{"href":"https:\/\/ltf-service.de\/index.php?rest_route=\/wp\/v2\/pages"}],"about":[{"href":"https:\/\/ltf-service.de\/index.php?rest_route=\/wp\/v2\/types\/page"}],"author":[{"embeddable":true,"href":"https:\/\/ltf-service.de\/index.php?rest_route=\/wp\/v2\/users\/1"}],"replies":[{"embeddable":true,"href":"https:\/\/ltf-service.de\/index.php?rest_route=%2Fwp%2Fv2%2Fcomments&post=2"}],"version-history":[{"count":6,"href":"https:\/\/ltf-service.de\/index.php?rest_route=\/wp\/v2\/pages\/2\/revisions"}],"predecessor-version":[{"id":549,"href":"https:\/\/ltf-service.de\/index.php?rest_route=\/wp\/v2\/pages\/2\/revisions\/549"}],"wp:attachment":[{"href":"https:\/\/ltf-service.de\/index.php?rest_route=%2Fwp%2Fv2%2Fmedia&parent=2"}],"curies":[{"name":"wp","href":"https:\/\/api.w.org\/{rel}","templated":true}]}}